{"id":163,"date":"2020-11-28T11:26:19","date_gmt":"2020-11-28T11:26:19","guid":{"rendered":"https:\/\/shelly.merku.love\/?page_id=163"},"modified":"2024-09-06T17:57:16","modified_gmt":"2024-09-06T17:57:16","slug":"contato","status":"publish","type":"page","link":"https:\/\/edu.rnetworks.com.br\/wp\/contato\/","title":{"rendered":"Contato"},"content":{"rendered":"\t\t<div data-elementor-type=\"wp-page\" data-elementor-id=\"163\" class=\"elementor elementor-163\">\n\t\t\t\t\t\t<section class=\"elementor-section elementor-top-section elementor-element elementor-element-e5bdd89 mdp-contact elementor-section-boxed elementor-section-height-default elementor-section-height-default\" data-id=\"e5bdd89\" data-element_type=\"section\">\n\t\t\t\t\t\t<div class=\"elementor-container elementor-column-gap-default\">\n\t\t\t\t\t<div class=\"elementor-column elementor-col-33 elementor-top-column elementor-element elementor-element-782af81\" data-id=\"782af81\" data-element_type=\"column\">\n\t\t\t<div class=\"elementor-widget-wrap elementor-element-populated\">\n\t\t\t\t\t\t<div class=\"elementor-element elementor-element-8edf1b7 elementor-widget elementor-widget-heading\" data-id=\"8edf1b7\" data-element_type=\"widget\" data-widget_type=\"heading.default\">\n\t\t\t\t<div class=\"elementor-widget-container\">\n\t\t\t<style>\/*! elementor - v3.23.0 - 05-08-2024 *\/\n.elementor-heading-title{padding:0;margin:0;line-height:1}.elementor-widget-heading .elementor-heading-title[class*=elementor-size-]>a{color:inherit;font-size:inherit;line-height:inherit}.elementor-widget-heading .elementor-heading-title.elementor-size-small{font-size:15px}.elementor-widget-heading .elementor-heading-title.elementor-size-medium{font-size:19px}.elementor-widget-heading .elementor-heading-title.elementor-size-large{font-size:29px}.elementor-widget-heading .elementor-heading-title.elementor-size-xl{font-size:39px}.elementor-widget-heading .elementor-heading-title.elementor-size-xxl{font-size:59px}<\/style><h3 class=\"elementor-heading-title elementor-size-default\">Contato<\/h3>\t\t<\/div>\n\t\t\t\t<\/div>\n\t\t\t\t<div class=\"elementor-element elementor-element-0177884 elementor-widget elementor-widget-shelly-header-icons\" data-id=\"0177884\" data-element_type=\"widget\" data-widget_type=\"shelly-header-icons.default\">\n\t\t\t\t<div class=\"elementor-widget-container\">\n\t\t\t        <div class=\"header-icons header-icons--vertical\">\n            <ul>\n                                    <li>\n                        <div class=\"contact-icon\">\n                                                    <i aria-hidden=\"true\" class=\"fas fa-phone-alt\"><\/i>                                                <\/div>\n                        <div class=\"contact-info\">\n                                                    <h6>+55 51 2165 2490<\/h6>\n                                                                                <\/div>\n                    <\/li>\n                                    <li>\n                        <div class=\"contact-icon\">\n                                                    <i aria-hidden=\"true\" class=\"fas fa-clock\"><\/i>                                                <\/div>\n                        <div class=\"contact-info\">\n                                                    <h6>Seg\/Sex - 8h \u00e0s 12h e 13h \u00e0s 17h<\/h6>\n                                                                                <\/div>\n                    <\/li>\n                                    <li>\n                        <div class=\"contact-icon\">\n                                                    <i aria-hidden=\"true\" class=\"fas fa-map-marker-alt\"><\/i>                                                <\/div>\n                        <div class=\"contact-info\">\n                                                    <h6>Rua 10 de setembro, 831. Dois Irm\u00e3os - RS - 2\u00ba andar<\/h6>\n                                                                                <\/div>\n                    <\/li>\n                            <\/ul>\n        <\/div>\n\t\t\t\t<\/div>\n\t\t\t\t<\/div>\n\t\t\t\t\t<\/div>\n\t\t<\/div>\n\t\t\t\t<div class=\"elementor-column elementor-col-66 elementor-top-column elementor-element elementor-element-9297859\" data-id=\"9297859\" data-element_type=\"column\">\n\t\t\t<div class=\"elementor-widget-wrap elementor-element-populated\">\n\t\t\t\t\t\t<div class=\"elementor-element elementor-element-09bac5a elementor-widget elementor-widget-heading\" data-id=\"09bac5a\" data-element_type=\"widget\" data-widget_type=\"heading.default\">\n\t\t\t\t<div class=\"elementor-widget-container\">\n\t\t\t<h3 class=\"elementor-heading-title elementor-size-default\">Contatar Escola<\/h3>\t\t<\/div>\n\t\t\t\t<\/div>\n\t\t\t\t<div class=\"elementor-element elementor-element-c77c70d elementor-widget elementor-widget-shelly-cf7\" data-id=\"c77c70d\" data-element_type=\"widget\" data-widget_type=\"shelly-cf7.default\">\n\t\t\t\t<div class=\"elementor-widget-container\">\n\t\t\t\t\t\t<div class=\"cta-form\">\n            \n<div class=\"wpcf7 no-js\" id=\"wpcf7-f1779-o1\" lang=\"en-US\" dir=\"ltr\">\n<div class=\"screen-reader-response\"><p role=\"status\" aria-live=\"polite\" aria-atomic=\"true\"><\/p> <ul><\/ul><\/div>\n<form action=\"\/wp\/wp-json\/wp\/v2\/pages\/163#wpcf7-f1779-o1\" method=\"post\" class=\"wpcf7-form init\" aria-label=\"Contact form\" novalidate=\"novalidate\" data-status=\"init\">\n<div style=\"display: none;\">\n<input type=\"hidden\" name=\"_wpcf7\" value=\"1779\" \/>\n<input type=\"hidden\" name=\"_wpcf7_version\" value=\"5.9.8\" \/>\n<input type=\"hidden\" name=\"_wpcf7_locale\" value=\"en_US\" \/>\n<input type=\"hidden\" name=\"_wpcf7_unit_tag\" value=\"wpcf7-f1779-o1\" \/>\n<input type=\"hidden\" name=\"_wpcf7_container_post\" value=\"0\" \/>\n<input type=\"hidden\" name=\"_wpcf7_posted_data_hash\" value=\"\" \/>\n<\/div>\n<label><span class=\"wpcf7-form-control-wrap\" data-name=\"your-name\"><input size=\"40\" maxlength=\"400\" class=\"wpcf7-form-control wpcf7-text wpcf7-validates-as-required\" aria-required=\"true\" aria-invalid=\"false\" placeholder=\"Seu nome\" value=\"\" type=\"text\" name=\"your-name\" \/><\/span><\/label>\n\n<label><span class=\"wpcf7-form-control-wrap\" data-name=\"your-email\"><input size=\"40\" maxlength=\"400\" class=\"wpcf7-form-control wpcf7-email wpcf7-validates-as-required wpcf7-text wpcf7-validates-as-email\" aria-required=\"true\" aria-invalid=\"false\" placeholder=\"Seu email\" value=\"\" type=\"email\" name=\"your-email\" \/><\/span><\/label>\n\n<label><span class=\"wpcf7-form-control-wrap\" data-name=\"number-38376\"><input class=\"wpcf7-form-control wpcf7-number wpcf7-validates-as-required wpcf7-validates-as-number\" aria-required=\"true\" aria-invalid=\"false\" placeholder=\"WhatsApp (DDI + DDD + Number)\" value=\"\" type=\"number\" name=\"number-38376\" \/><\/span><\/label>\n\n<label><span class=\"wpcf7-form-control-wrap\" data-name=\"your-message\"><textarea cols=\"40\" rows=\"10\" maxlength=\"2000\" class=\"wpcf7-form-control wpcf7-textarea\" aria-invalid=\"false\" placeholder=\"Mensagem\" name=\"your-message\"><\/textarea><\/span><\/label>\n\n\n\n\n\n<input class=\"wpcf7-form-control wpcf7-submit has-spinner\" type=\"submit\" value=\"Enviar mensagem\" \/><div class=\"wpcf7-response-output\" aria-hidden=\"true\"><\/div>\n<\/form>\n<\/div>\n\t\t\t<\/div>\n\t\t\t\t<\/div>\n\t\t\t\t<\/div>\n\t\t\t\t\t<\/div>\n\t\t<\/div>\n\t\t\t\t\t<\/div>\n\t\t<\/section>\n\t\t\t\t<\/div>\n\t\t","protected":false},"excerpt":{"rendered":"<p>Contato +55 51 2165 2490 Seg\/Sex &#8211; 8h \u00e0s 12h e 13h \u00e0s 17h Rua 10 de setembro, 831. Dois Irm\u00e3os &#8211; RS &#8211; 2\u00ba andar Contatar Escola<\/p>\n","protected":false},"author":1,"featured_media":0,"parent":0,"menu_order":0,"comment_status":"closed","ping_status":"closed","template":"","meta":{"_monsterinsights_skip_tracking":false,"_monsterinsights_sitenote_active":false,"_monsterinsights_sitenote_note":"","_monsterinsights_sitenote_category":0,"footnotes":""},"class_list":["post-163","page","type-page","status-publish","hentry"],"aioseo_notices":[],"_links":{"self":[{"href":"https:\/\/edu.rnetworks.com.br\/wp\/wp-json\/wp\/v2\/pages\/163","targetHints":{"allow":["GET"]}}],"collection":[{"href":"https:\/\/edu.rnetworks.com.br\/wp\/wp-json\/wp\/v2\/pages"}],"about":[{"href":"https:\/\/edu.rnetworks.com.br\/wp\/wp-json\/wp\/v2\/types\/page"}],"author":[{"embeddable":true,"href":"https:\/\/edu.rnetworks.com.br\/wp\/wp-json\/wp\/v2\/users\/1"}],"replies":[{"embeddable":true,"href":"https:\/\/edu.rnetworks.com.br\/wp\/wp-json\/wp\/v2\/comments?post=163"}],"version-history":[{"count":56,"href":"https:\/\/edu.rnetworks.com.br\/wp\/wp-json\/wp\/v2\/pages\/163\/revisions"}],"predecessor-version":[{"id":2879,"href":"https:\/\/edu.rnetworks.com.br\/wp\/wp-json\/wp\/v2\/pages\/163\/revisions\/2879"}],"wp:attachment":[{"href":"https:\/\/edu.rnetworks.com.br\/wp\/wp-json\/wp\/v2\/media?parent=163"}],"curies":[{"name":"wp","href":"https:\/\/api.w.org\/{rel}","templated":true}]}}